{"id":132,"date":"2020-06-17T16:06:13","date_gmt":"2020-06-17T16:06:13","guid":{"rendered":"http:\/\/etica.sh.guanajuato.gob.mx\/?page_id=132"},"modified":"2022-05-20T18:28:15","modified_gmt":"2022-05-20T18:28:15","slug":"encuesta-etica","status":"publish","type":"page","link":"https:\/\/etica.sh.guanajuato.gob.mx\/index.php\/encuesta-etica\/","title":{"rendered":"Medici\u00f3n de la Gesti\u00f3n \u00c9tica Gubernamental"},"content":{"rendered":"\n<p>Esta encuesta se realiza cada a\u00f1o a personas servidoras p\u00fablicas de todas las dependencias, entidades y unidades de apoyo.<\/p>\n\n\n\n<p><strong>Objetivo<\/strong>: Analizar, reflexionar e identificar los valores y pr\u00e1cticas en su estado actual en Gobierno del Estado de Guanajuato, as\u00ed como conocer las fortalezas y debilidades n la Gesti\u00f3n \u00c9tica en los entes p\u00fablicos.<\/p>\n\n\n\n<p><strong>Campo de aplicaci\u00f3n:<\/strong> personas servidoras p\u00fablicas.<\/p>\n\n\n\n<p><strong>Factores a investigar:<\/strong><\/p>\n\n\n\n<div class=\"wp-block-image\"><figure class=\"aligncenter size-large\"><img loading=\"lazy\" decoding=\"async\" width=\"876\" height=\"503\" src=\"https:\/\/etica.sh.guanajuato.gob.mx\/wp-content\/uploads\/2021\/09\/image.png\" alt=\"\" class=\"wp-image-459\" srcset=\"https:\/\/etica.sh.guanajuato.gob.mx\/wp-content\/uploads\/2021\/09\/image.png 876w, https:\/\/etica.sh.guanajuato.gob.mx\/wp-content\/uploads\/2021\/09\/image-300x172.png 300w, https:\/\/etica.sh.guanajuato.gob.mx\/wp-content\/uploads\/2021\/09\/image-768x441.png 768w\" sizes=\"auto, (max-width: 876px) 100vw, 876px\" \/><\/figure><\/div>\n\n\n\n<p><strong>Datos Generales:<\/strong><\/p>\n\n\n\n<div class=\"wp-block-image\"><figure class=\"aligncenter size-large\"><img loading=\"lazy\" decoding=\"async\" width=\"1024\" height=\"768\" src=\"https:\/\/etica.sh.guanajuato.gob.mx\/wp-content\/uploads\/2022\/05\/Verde-Ne\u00f3n-y-P\u00farpura-Amigable-Aplicaci\u00f3n-Profesional-de-Mensajer\u00eda-An\u00e1lisis-DAFO-15.png\" alt=\"\" class=\"wp-image-569\" srcset=\"https:\/\/etica.sh.guanajuato.gob.mx\/wp-content\/uploads\/2022\/05\/Verde-Ne\u00f3n-y-P\u00farpura-Amigable-Aplicaci\u00f3n-Profesional-de-Mensajer\u00eda-An\u00e1lisis-DAFO-15.png 1024w, https:\/\/etica.sh.guanajuato.gob.mx\/wp-content\/uploads\/2022\/05\/Verde-Ne\u00f3n-y-P\u00farpura-Amigable-Aplicaci\u00f3n-Profesional-de-Mensajer\u00eda-An\u00e1lisis-DAFO-15-300x225.png 300w, https:\/\/etica.sh.guanajuato.gob.mx\/wp-content\/uploads\/2022\/05\/Verde-Ne\u00f3n-y-P\u00farpura-Amigable-Aplicaci\u00f3n-Profesional-de-Mensajer\u00eda-An\u00e1lisis-DAFO-15-768x576.png 768w\" sizes=\"auto, (max-width: 1024px) 100vw, 1024px\" \/><\/figure><\/div>\n\n\n\n<div class=\"wp-block-image\"><figure class=\"aligncenter size-large\"><img loading=\"lazy\" decoding=\"async\" width=\"1024\" height=\"768\" src=\"https:\/\/etica.sh.guanajuato.gob.mx\/wp-content\/uploads\/2022\/05\/Verde-Ne\u00f3n-y-P\u00farpura-Amigable-Aplicaci\u00f3n-Profesional-de-Mensajer\u00eda-An\u00e1lisis-DAFO-14.png\" alt=\"\" class=\"wp-image-563\" srcset=\"https:\/\/etica.sh.guanajuato.gob.mx\/wp-content\/uploads\/2022\/05\/Verde-Ne\u00f3n-y-P\u00farpura-Amigable-Aplicaci\u00f3n-Profesional-de-Mensajer\u00eda-An\u00e1lisis-DAFO-14.png 1024w, https:\/\/etica.sh.guanajuato.gob.mx\/wp-content\/uploads\/2022\/05\/Verde-Ne\u00f3n-y-P\u00farpura-Amigable-Aplicaci\u00f3n-Profesional-de-Mensajer\u00eda-An\u00e1lisis-DAFO-14-300x225.png 300w, https:\/\/etica.sh.guanajuato.gob.mx\/wp-content\/uploads\/2022\/05\/Verde-Ne\u00f3n-y-P\u00farpura-Amigable-Aplicaci\u00f3n-Profesional-de-Mensajer\u00eda-An\u00e1lisis-DAFO-14-768x576.png 768w\" sizes=\"auto, (max-width: 1024px) 100vw, 1024px\" \/><\/figure><\/div>\n\n\n\n<p><strong>Factor 1: Ejecuciones de las acciones y\/ o conjunto de operaciones llevadas a cabo para fortalecer la cultura organizacional \u00e9tica en el Ente P\u00fablico<\/strong><\/p>\n\n\n\n<div class=\"wp-block-image\"><figure class=\"aligncenter size-large\"><img loading=\"lazy\" decoding=\"async\" width=\"1024\" height=\"768\" src=\"http:\/\/etica.sh.guanajuato.gob.mx\/wp-content\/uploads\/2022\/05\/Verde-Ne\u00f3n-y-P\u00farpura-Amigable-Aplicaci\u00f3n-Profesional-de-Mensajer\u00eda-An\u00e1lisis-DAFO-3-1.png\" alt=\"\" class=\"wp-image-551\" srcset=\"https:\/\/etica.sh.guanajuato.gob.mx\/wp-content\/uploads\/2022\/05\/Verde-Ne\u00f3n-y-P\u00farpura-Amigable-Aplicaci\u00f3n-Profesional-de-Mensajer\u00eda-An\u00e1lisis-DAFO-3-1.png 1024w, https:\/\/etica.sh.guanajuato.gob.mx\/wp-content\/uploads\/2022\/05\/Verde-Ne\u00f3n-y-P\u00farpura-Amigable-Aplicaci\u00f3n-Profesional-de-Mensajer\u00eda-An\u00e1lisis-DAFO-3-1-300x225.png 300w, https:\/\/etica.sh.guanajuato.gob.mx\/wp-content\/uploads\/2022\/05\/Verde-Ne\u00f3n-y-P\u00farpura-Amigable-Aplicaci\u00f3n-Profesional-de-Mensajer\u00eda-An\u00e1lisis-DAFO-3-1-768x576.png 768w\" sizes=\"auto, (max-width: 1024px) 100vw, 1024px\" \/><\/figure><\/div>\n\n\n\n<p><strong>Comparativo de resultados:<\/strong><\/p>\n\n\n\n<p><strong>Factor 2: Aplicaci\u00f3n de los Principios Constitucionales y Legales que rigen el Servicio P\u00fablico.<\/strong><\/p>\n\n\n\n<p><strong>Factor 3: Aplicaci\u00f3n de los Valores del C\u00f3digo de \u00c9tica<\/strong> <\/p>\n\n\n\n<p>Desagregada por factores:<\/p>\n\n\n\n<div class=\"wp-block-group\"><div class=\"wp-block-group__inner-container is-layout-flow wp-block-group-is-layout-flow\">\n<div class=\"wp-block-image\"><figure class=\"aligncenter\"><img loading=\"lazy\" decoding=\"async\" width=\"1024\" height=\"768\" src=\"http:\/\/etica.sh.guanajuato.gob.mx\/wp-content\/uploads\/2022\/05\/Verde-Ne\u00f3n-y-P\u00farpura-Amigable-Aplicaci\u00f3n-Profesional-de-Mensajer\u00eda-An\u00e1lisis-DAFO-5.png\" alt=\"\" class=\"wp-image-548\" srcset=\"https:\/\/etica.sh.guanajuato.gob.mx\/wp-content\/uploads\/2022\/05\/Verde-Ne\u00f3n-y-P\u00farpura-Amigable-Aplicaci\u00f3n-Profesional-de-Mensajer\u00eda-An\u00e1lisis-DAFO-5.png 1024w, https:\/\/etica.sh.guanajuato.gob.mx\/wp-content\/uploads\/2022\/05\/Verde-Ne\u00f3n-y-P\u00farpura-Amigable-Aplicaci\u00f3n-Profesional-de-Mensajer\u00eda-An\u00e1lisis-DAFO-5-300x225.png 300w, https:\/\/etica.sh.guanajuato.gob.mx\/wp-content\/uploads\/2022\/05\/Verde-Ne\u00f3n-y-P\u00farpura-Amigable-Aplicaci\u00f3n-Profesional-de-Mensajer\u00eda-An\u00e1lisis-DAFO-5-768x576.png 768w\" sizes=\"auto, (max-width: 1024px) 100vw, 1024px\" \/><\/figure><\/div>\n\n\n\n<div class=\"wp-block-image\"><figure class=\"aligncenter\"><img loading=\"lazy\" decoding=\"async\" width=\"1024\" height=\"768\" src=\"http:\/\/etica.sh.guanajuato.gob.mx\/wp-content\/uploads\/2022\/05\/Verde-Ne\u00f3n-y-P\u00farpura-Amigable-Aplicaci\u00f3n-Profesional-de-Mensajer\u00eda-An\u00e1lisis-DAFO-1-1.png\" alt=\"\" class=\"wp-image-549\" srcset=\"https:\/\/etica.sh.guanajuato.gob.mx\/wp-content\/uploads\/2022\/05\/Verde-Ne\u00f3n-y-P\u00farpura-Amigable-Aplicaci\u00f3n-Profesional-de-Mensajer\u00eda-An\u00e1lisis-DAFO-1-1.png 1024w, https:\/\/etica.sh.guanajuato.gob.mx\/wp-content\/uploads\/2022\/05\/Verde-Ne\u00f3n-y-P\u00farpura-Amigable-Aplicaci\u00f3n-Profesional-de-Mensajer\u00eda-An\u00e1lisis-DAFO-1-1-300x225.png 300w, https:\/\/etica.sh.guanajuato.gob.mx\/wp-content\/uploads\/2022\/05\/Verde-Ne\u00f3n-y-P\u00farpura-Amigable-Aplicaci\u00f3n-Profesional-de-Mensajer\u00eda-An\u00e1lisis-DAFO-1-1-768x576.png 768w\" sizes=\"auto, (max-width: 1024px) 100vw, 1024px\" \/><\/figure><\/div>\n<\/div><\/div>\n\n\n\n<div class=\"wp-block-image\"><figure class=\"aligncenter size-large\"><img loading=\"lazy\" decoding=\"async\" width=\"1024\" height=\"768\" src=\"http:\/\/etica.sh.guanajuato.gob.mx\/wp-content\/uploads\/2022\/05\/Verde-Ne\u00f3n-y-P\u00farpura-Amigable-Aplicaci\u00f3n-Profesional-de-Mensajer\u00eda-An\u00e1lisis-DAFO-2-2.png\" alt=\"\" class=\"wp-image-550\" srcset=\"https:\/\/etica.sh.guanajuato.gob.mx\/wp-content\/uploads\/2022\/05\/Verde-Ne\u00f3n-y-P\u00farpura-Amigable-Aplicaci\u00f3n-Profesional-de-Mensajer\u00eda-An\u00e1lisis-DAFO-2-2.png 1024w, https:\/\/etica.sh.guanajuato.gob.mx\/wp-content\/uploads\/2022\/05\/Verde-Ne\u00f3n-y-P\u00farpura-Amigable-Aplicaci\u00f3n-Profesional-de-Mensajer\u00eda-An\u00e1lisis-DAFO-2-2-300x225.png 300w, https:\/\/etica.sh.guanajuato.gob.mx\/wp-content\/uploads\/2022\/05\/Verde-Ne\u00f3n-y-P\u00farpura-Amigable-Aplicaci\u00f3n-Profesional-de-Mensajer\u00eda-An\u00e1lisis-DAFO-2-2-768x576.png 768w\" sizes=\"auto, (max-width: 1024px) 100vw, 1024px\" \/><\/figure><\/div>\n\n\n\n<div class=\"wp-block-image\"><figure class=\"aligncenter size-large\"><img loading=\"lazy\" decoding=\"async\" width=\"1024\" height=\"768\" src=\"http:\/\/etica.sh.guanajuato.gob.mx\/wp-content\/uploads\/2022\/05\/Verde-Ne\u00f3n-y-P\u00farpura-Amigable-Aplicaci\u00f3n-Profesional-de-Mensajer\u00eda-An\u00e1lisis-DAFO.png\" alt=\"\" class=\"wp-image-541\" srcset=\"https:\/\/etica.sh.guanajuato.gob.mx\/wp-content\/uploads\/2022\/05\/Verde-Ne\u00f3n-y-P\u00farpura-Amigable-Aplicaci\u00f3n-Profesional-de-Mensajer\u00eda-An\u00e1lisis-DAFO.png 1024w, https:\/\/etica.sh.guanajuato.gob.mx\/wp-content\/uploads\/2022\/05\/Verde-Ne\u00f3n-y-P\u00farpura-Amigable-Aplicaci\u00f3n-Profesional-de-Mensajer\u00eda-An\u00e1lisis-DAFO-300x225.png 300w, https:\/\/etica.sh.guanajuato.gob.mx\/wp-content\/uploads\/2022\/05\/Verde-Ne\u00f3n-y-P\u00farpura-Amigable-Aplicaci\u00f3n-Profesional-de-Mensajer\u00eda-An\u00e1lisis-DAFO-768x576.png 768w\" sizes=\"auto, (max-width: 1024px) 100vw, 1024px\" \/><\/figure><\/div>\n\n\n\n<p><strong>Factor 4: Conflicto de inter\u00e9s<\/strong> <\/p>\n\n\n\n<div class=\"wp-block-image\"><figure class=\"aligncenter size-large\"><img loading=\"lazy\" decoding=\"async\" width=\"1024\" height=\"768\" src=\"http:\/\/etica.sh.guanajuato.gob.mx\/wp-content\/uploads\/2022\/05\/Verde-Ne\u00f3n-y-P\u00farpura-Amigable-Aplicaci\u00f3n-Profesional-de-Mensajer\u00eda-An\u00e1lisis-DAFO-4-1.png\" alt=\"\" class=\"wp-image-552\" srcset=\"https:\/\/etica.sh.guanajuato.gob.mx\/wp-content\/uploads\/2022\/05\/Verde-Ne\u00f3n-y-P\u00farpura-Amigable-Aplicaci\u00f3n-Profesional-de-Mensajer\u00eda-An\u00e1lisis-DAFO-4-1.png 1024w, https:\/\/etica.sh.guanajuato.gob.mx\/wp-content\/uploads\/2022\/05\/Verde-Ne\u00f3n-y-P\u00farpura-Amigable-Aplicaci\u00f3n-Profesional-de-Mensajer\u00eda-An\u00e1lisis-DAFO-4-1-300x225.png 300w, https:\/\/etica.sh.guanajuato.gob.mx\/wp-content\/uploads\/2022\/05\/Verde-Ne\u00f3n-y-P\u00farpura-Amigable-Aplicaci\u00f3n-Profesional-de-Mensajer\u00eda-An\u00e1lisis-DAFO-4-1-768x576.png 768w\" sizes=\"auto, (max-width: 1024px) 100vw, 1024px\" \/><\/figure><\/div>\n\n\n\n<p><strong>Factor 5: Acciones para combatir la corrupci\u00f3n<\/strong><\/p>\n\n\n\n<div class=\"wp-block-image\"><figure class=\"aligncenter size-large\"><img loading=\"lazy\" decoding=\"async\" width=\"1024\" height=\"768\" src=\"http:\/\/etica.sh.guanajuato.gob.mx\/wp-content\/uploads\/2022\/05\/Verde-Ne\u00f3n-y-P\u00farpura-Amigable-Aplicaci\u00f3n-Profesional-de-Mensajer\u00eda-An\u00e1lisis-DAFO-5-1.png\" alt=\"\" class=\"wp-image-553\" srcset=\"https:\/\/etica.sh.guanajuato.gob.mx\/wp-content\/uploads\/2022\/05\/Verde-Ne\u00f3n-y-P\u00farpura-Amigable-Aplicaci\u00f3n-Profesional-de-Mensajer\u00eda-An\u00e1lisis-DAFO-5-1.png 1024w, https:\/\/etica.sh.guanajuato.gob.mx\/wp-content\/uploads\/2022\/05\/Verde-Ne\u00f3n-y-P\u00farpura-Amigable-Aplicaci\u00f3n-Profesional-de-Mensajer\u00eda-An\u00e1lisis-DAFO-5-1-300x225.png 300w, https:\/\/etica.sh.guanajuato.gob.mx\/wp-content\/uploads\/2022\/05\/Verde-Ne\u00f3n-y-P\u00farpura-Amigable-Aplicaci\u00f3n-Profesional-de-Mensajer\u00eda-An\u00e1lisis-DAFO-5-1-768x576.png 768w\" sizes=\"auto, (max-width: 1024px) 100vw, 1024px\" \/><\/figure><\/div>\n","protected":false},"excerpt":{"rendered":"<p>Esta encuesta se realiza cada a\u00f1o a personas servidoras p\u00fablicas de todas las dependencias, entidades y unidades de apoyo. Objetivo: Analizar, reflexionar e identificar los valores y pr\u00e1cticas en su estado actual en Gobierno del Estado de Guanajuato, as\u00ed como conocer las fortalezas y debilidades n la Gesti\u00f3n \u00c9tica en los entes p\u00fablicos. Campo de [&hellip;]<\/p>\n","protected":false},"author":22,"featured_media":0,"parent":0,"menu_order":0,"comment_status":"closed","ping_status":"closed","template":"","meta":{"footnotes":""},"class_list":["post-132","page","type-page","status-publish","hentry"],"_links":{"self":[{"href":"https:\/\/etica.sh.guanajuato.gob.mx\/index.php\/wp-json\/wp\/v2\/pages\/132","targetHints":{"allow":["GET"]}}],"collection":[{"href":"https:\/\/etica.sh.guanajuato.gob.mx\/index.php\/wp-json\/wp\/v2\/pages"}],"about":[{"href":"https:\/\/etica.sh.guanajuato.gob.mx\/index.php\/wp-json\/wp\/v2\/types\/page"}],"author":[{"embeddable":true,"href":"https:\/\/etica.sh.guanajuato.gob.mx\/index.php\/wp-json\/wp\/v2\/users\/22"}],"replies":[{"embeddable":true,"href":"https:\/\/etica.sh.guanajuato.gob.mx\/index.php\/wp-json\/wp\/v2\/comments?post=132"}],"version-history":[{"count":12,"href":"https:\/\/etica.sh.guanajuato.gob.mx\/index.php\/wp-json\/wp\/v2\/pages\/132\/revisions"}],"predecessor-version":[{"id":571,"href":"https:\/\/etica.sh.guanajuato.gob.mx\/index.php\/wp-json\/wp\/v2\/pages\/132\/revisions\/571"}],"wp:attachment":[{"href":"https:\/\/etica.sh.guanajuato.gob.mx\/index.php\/wp-json\/wp\/v2\/media?parent=132"}],"curies":[{"name":"wp","href":"https:\/\/api.w.org\/{rel}","templated":true}]}}