{"id":134,"date":"2020-06-17T16:07:47","date_gmt":"2020-06-17T16:07:47","guid":{"rendered":"http:\/\/etica.sh.guanajuato.gob.mx\/?page_id=134"},"modified":"2020-06-17T16:07:48","modified_gmt":"2020-06-17T16:07:48","slug":"diagnosticos","status":"publish","type":"page","link":"https:\/\/etica.sh.guanajuato.gob.mx\/index.php\/diagnosticos\/","title":{"rendered":"Diagn\u00f3sticos"},"content":{"rendered":"\n<p>El Diagn\u00f3stico \u00c9tico es un an\u00e1lisis de percepci\u00f3n que permite identificar el estado actual de las pr\u00e1cticas \u00e9ticas y de responsabilidad social del Gobierno del Estado de Guanajuato y de quienes lo conformamos, tanto en su proceso de adopci\u00f3n y vivencia de los valores, as\u00ed como en el tipo de conductas que efectivamente se siguen por parte de los altos mandos y de las personas servidoras p\u00fablicas.<\/p>\n\n\n\n<p>Para ello se utilizan dos herramientas:<\/p>\n\n\n\n<ul class=\"wp-block-list\"><li>Encuesta \u00c9tica<\/li><li>Encuesta de percepci\u00f3n ciudadana del desempe\u00f1o \u00e9tico <\/li><\/ul>\n","protected":false},"excerpt":{"rendered":"<p>El Diagn\u00f3stico \u00c9tico es un an\u00e1lisis de percepci\u00f3n que permite identificar el estado actual de las pr\u00e1cticas \u00e9ticas y de responsabilidad social del Gobierno del Estado de Guanajuato y de quienes lo conformamos, tanto en su proceso de adopci\u00f3n y vivencia de los valores, as\u00ed como en el tipo de conductas que efectivamente se siguen [&hellip;]<\/p>\n","protected":false},"author":22,"featured_media":0,"parent":0,"menu_order":0,"comment_status":"closed","ping_status":"closed","template":"","meta":{"footnotes":""},"class_list":["post-134","page","type-page","status-publish","hentry"],"_links":{"self":[{"href":"https:\/\/etica.sh.guanajuato.gob.mx\/index.php\/wp-json\/wp\/v2\/pages\/134","targetHints":{"allow":["GET"]}}],"collection":[{"href":"https:\/\/etica.sh.guanajuato.gob.mx\/index.php\/wp-json\/wp\/v2\/pages"}],"about":[{"href":"https:\/\/etica.sh.guanajuato.gob.mx\/index.php\/wp-json\/wp\/v2\/types\/page"}],"author":[{"embeddable":true,"href":"https:\/\/etica.sh.guanajuato.gob.mx\/index.php\/wp-json\/wp\/v2\/users\/22"}],"replies":[{"embeddable":true,"href":"https:\/\/etica.sh.guanajuato.gob.mx\/index.php\/wp-json\/wp\/v2\/comments?post=134"}],"version-history":[{"count":1,"href":"https:\/\/etica.sh.guanajuato.gob.mx\/index.php\/wp-json\/wp\/v2\/pages\/134\/revisions"}],"predecessor-version":[{"id":135,"href":"https:\/\/etica.sh.guanajuato.gob.mx\/index.php\/wp-json\/wp\/v2\/pages\/134\/revisions\/135"}],"wp:attachment":[{"href":"https:\/\/etica.sh.guanajuato.gob.mx\/index.php\/wp-json\/wp\/v2\/media?parent=134"}],"curies":[{"name":"wp","href":"https:\/\/api.w.org\/{rel}","templated":true}]}}