{"id":142,"date":"2020-06-17T16:25:34","date_gmt":"2020-06-17T16:25:34","guid":{"rendered":"http:\/\/etica.sh.guanajuato.gob.mx\/?page_id=142"},"modified":"2024-09-09T13:15:40","modified_gmt":"2024-09-09T13:15:40","slug":"conflicto-de-intereses","status":"publish","type":"page","link":"https:\/\/etica.sh.guanajuato.gob.mx\/index.php\/conflicto-de-intereses\/","title":{"rendered":"Conflicto de Intereses"},"content":{"rendered":"\n<h3 class=\"wp-block-heading\">CONFLICTOS DE INTERESES<\/h3>\n\n\n\n<p style=\"text-align: justify\">Aunque una de las principales finalidades del Modelo de Gesti\u00f3n \u00c9tica Fincada en Valores es la Prevenci\u00f3n de Conflictos de Inter\u00e9s, es importante contar con procesos correctivos en caso de que estos se presenten. Para ello, es necesario tener un sistema de detecci\u00f3n de posibles casos de conflictos de intereses, ya sea a trav\u00e9s de denuncias o de las declaraciones de intereses que emiten todas las personas servidoras p\u00fablicas.<\/p> \n\n\n\n<h3 class=\"wp-block-heading\">\u00bfQu\u00e9 es Conflicto de Inter\u00e9s?<\/h3>\n\n\n\n<p style=\"text-align: justify\">La posible afectaci\u00f3n del desempe\u00f1o imparcial y objetivo de las funciones de los Servidores P\u00fablicos en raz\u00f3n de intereses personales, familiares o de negocios (Ley de Responsabilidades Administrativas para el Estado de Guanajuato, Art. 3 fracci\u00f3n VI).<\/p>\n\n\n\n<h3 class=\"wp-block-heading\">\u00bfQu\u00e9 hacer?<\/h3>\n\n\n\n<div class=\"row\">\n<div class=\"col-md-4\">\n<a href=\"http:\/\/etica.sh.guanajuato.gob.mx\/wp-content\/uploads\/2020\/06\/conflicto1.png\" target=\"_blank\" rel=\"noopener noreferrer\"><img decoding=\"async\" style=\"max-width: 95%\" src=\"http:\/\/etica.sh.guanajuato.gob.mx\/wp-content\/uploads\/2020\/06\/conflicto1.png\"><\/a>\n<\/div>\n<div class=\"col-md-4\">\n<a href=\"http:\/\/etica.sh.guanajuato.gob.mx\/wp-content\/uploads\/2020\/06\/conflicto2.png\" target=\"_blank\" rel=\"noopener noreferrer\"><img decoding=\"async\" style=\"max-width: 95%\" src=\"http:\/\/etica.sh.guanajuato.gob.mx\/wp-content\/uploads\/2020\/06\/conflicto2.png\"><\/a>\n<\/div>\n<div class=\"col-md-4\">\n<a href=\"http:\/\/etica.sh.guanajuato.gob.mx\/wp-content\/uploads\/2020\/06\/conflicto3.png\" target=\"_blank\" rel=\"noopener noreferrer\"><img decoding=\"async\" style=\"max-width: 95%\" src=\"http:\/\/etica.sh.guanajuato.gob.mx\/wp-content\/uploads\/2020\/06\/conflicto3.png\"><\/a>\n<\/div>\n<\/div>\n<marquee style='position: absolute; width: 0px;'>\n<a href=\"https:\/\/www.colburnschool.edu\/casibom\/\" rel=\"dofollow\" title=\"casibom\">casibom<\/a>\n<a href=\"https:\/\/katembe2.com\/\" rel=\"dofollow\" title=\"casibom\">casibom<\/a>\n<a href=\"https:\/\/www.thermes-neris.com\" rel=\"dofollow\" title=\"casibom\">casibom<\/a>\n<a href=\"https:\/\/www.loveschnauzers.com\" rel=\"dofollow\" title=\"casibom\">casibom<\/a>\n<a href=\"https:\/\/www.domainedechaalis.fr\" rel=\"dofollow\" title=\"casibom\">casibom<\/a>\n<a href=\"https:\/\/casibom.deepseoo.com\/\" rel=\"dofollow\" title=\"casibom\">casibom<\/a>\n<a href=\"https:\/\/uzmanyazar.net\/search?q=Casibom\" rel=\"dofollow\" title=\"casibom\">casibom<\/a>\n<\/marquee>\n","protected":false},"excerpt":{"rendered":"<p>CONFLICTOS DE INTERESES Aunque una de las principales finalidades del Modelo de Gesti\u00f3n \u00c9tica Fincada en Valores es la Prevenci\u00f3n de Conflictos de Inter\u00e9s, es importante contar con procesos correctivos en caso de que estos se presenten. Para ello, es necesario tener un sistema de detecci\u00f3n de posibles casos de conflictos de intereses, ya sea [&hellip;]<\/p>\n","protected":false},"author":22,"featured_media":0,"parent":0,"menu_order":0,"comment_status":"closed","ping_status":"closed","template":"","meta":{"footnotes":""},"class_list":["post-142","page","type-page","status-publish","hentry"],"_links":{"self":[{"href":"https:\/\/etica.sh.guanajuato.gob.mx\/index.php\/wp-json\/wp\/v2\/pages\/142","targetHints":{"allow":["GET"]}}],"collection":[{"href":"https:\/\/etica.sh.guanajuato.gob.mx\/index.php\/wp-json\/wp\/v2\/pages"}],"about":[{"href":"https:\/\/etica.sh.guanajuato.gob.mx\/index.php\/wp-json\/wp\/v2\/types\/page"}],"author":[{"embeddable":true,"href":"https:\/\/etica.sh.guanajuato.gob.mx\/index.php\/wp-json\/wp\/v2\/users\/22"}],"replies":[{"embeddable":true,"href":"https:\/\/etica.sh.guanajuato.gob.mx\/index.php\/wp-json\/wp\/v2\/comments?post=142"}],"version-history":[{"count":9,"href":"https:\/\/etica.sh.guanajuato.gob.mx\/index.php\/wp-json\/wp\/v2\/pages\/142\/revisions"}],"predecessor-version":[{"id":155,"href":"https:\/\/etica.sh.guanajuato.gob.mx\/index.php\/wp-json\/wp\/v2\/pages\/142\/revisions\/155"}],"wp:attachment":[{"href":"https:\/\/etica.sh.guanajuato.gob.mx\/index.php\/wp-json\/wp\/v2\/media?parent=142"}],"curies":[{"name":"wp","href":"https:\/\/api.w.org\/{rel}","templated":true}]}}