{"id":25,"date":"2020-03-23T17:00:43","date_gmt":"2020-03-23T17:00:43","guid":{"rendered":"http:\/\/172.31.108.98\/etica\/?page_id=25"},"modified":"2020-05-13T18:22:53","modified_gmt":"2020-05-13T18:22:53","slug":"que-estamos-haciendo","status":"publish","type":"page","link":"https:\/\/etica.sh.guanajuato.gob.mx\/index.php\/que-estamos-haciendo\/","title":{"rendered":"\u00bfQu\u00e9 estamos haciendo para prevenir acciones de corrupci\u00f3n?"},"content":{"rendered":"\n<h1 class=\"wp-block-heading\">\u00bfQu\u00e9 estamos haciendo en la UEIPCI para prevenir acciones de corrupci\u00f3n?<\/h1>\n\n\n\n<p>Fomentando una Cultura \u00c9tica a trav\u00e9s de:<\/p>\n\n\n\n<ul class=\"wp-block-list\"><li>El Modelo de Gesti\u00f3n \u00c9tica Fincada en Valores.<\/li><li>Promoci\u00f3n del C\u00f3digo de \u00c9tica del Poder Ejecutivo del Estado de Guanajuato.<\/li><li>Estableciendo C\u00f3digos de Conducta en todas las dependencias, entidades y unidades administrativas de la administraci\u00f3n p\u00fablica estatal.<\/li><\/ul>\n","protected":false},"excerpt":{"rendered":"<p>\u00bfQu\u00e9 estamos haciendo en la UEIPCI para prevenir acciones de corrupci\u00f3n? Fomentando una Cultura \u00c9tica a trav\u00e9s de: El Modelo de Gesti\u00f3n \u00c9tica Fincada en Valores. Promoci\u00f3n del C\u00f3digo de \u00c9tica del Poder Ejecutivo del Estado de Guanajuato. Estableciendo C\u00f3digos de Conducta en todas las dependencias, entidades y unidades administrativas de la administraci\u00f3n p\u00fablica estatal.<\/p>\n","protected":false},"author":22,"featured_media":0,"parent":0,"menu_order":0,"comment_status":"closed","ping_status":"closed","template":"","meta":{"footnotes":""},"class_list":["post-25","page","type-page","status-publish","hentry"],"_links":{"self":[{"href":"https:\/\/etica.sh.guanajuato.gob.mx\/index.php\/wp-json\/wp\/v2\/pages\/25","targetHints":{"allow":["GET"]}}],"collection":[{"href":"https:\/\/etica.sh.guanajuato.gob.mx\/index.php\/wp-json\/wp\/v2\/pages"}],"about":[{"href":"https:\/\/etica.sh.guanajuato.gob.mx\/index.php\/wp-json\/wp\/v2\/types\/page"}],"author":[{"embeddable":true,"href":"https:\/\/etica.sh.guanajuato.gob.mx\/index.php\/wp-json\/wp\/v2\/users\/22"}],"replies":[{"embeddable":true,"href":"https:\/\/etica.sh.guanajuato.gob.mx\/index.php\/wp-json\/wp\/v2\/comments?post=25"}],"version-history":[{"count":4,"href":"https:\/\/etica.sh.guanajuato.gob.mx\/index.php\/wp-json\/wp\/v2\/pages\/25\/revisions"}],"predecessor-version":[{"id":112,"href":"https:\/\/etica.sh.guanajuato.gob.mx\/index.php\/wp-json\/wp\/v2\/pages\/25\/revisions\/112"}],"wp:attachment":[{"href":"https:\/\/etica.sh.guanajuato.gob.mx\/index.php\/wp-json\/wp\/v2\/media?parent=25"}],"curies":[{"name":"wp","href":"https:\/\/api.w.org\/{rel}","templated":true}]}}