{"id":67,"date":"2020-03-23T18:01:38","date_gmt":"2020-03-23T18:01:38","guid":{"rendered":"http:\/\/172.31.108.98\/etica\/?page_id=67"},"modified":"2020-06-17T17:07:45","modified_gmt":"2020-06-17T17:07:45","slug":"capacitaciones","status":"publish","type":"page","link":"https:\/\/etica.sh.guanajuato.gob.mx\/index.php\/capacitaciones\/","title":{"rendered":"Capacitaciones"},"content":{"rendered":"\n<h1 class=\"wp-block-heading\">Capacitaciones<\/h1>\n\n\n\n<p style=\"text-align: justify\">Lograr cambios de actitud en las personas servidoras p\u00fablicas para que efectivamente apliquen en la cotidianidad laboral el C\u00f3digo de \u00c9tica del Poder Ejecutivo del Estado y C\u00f3digos de Conducta de cada dependencia y entidad, exige el dise\u00f1o y ejecuci\u00f3n de estrategias de difusi\u00f3n y de capacitaci\u00f3n permanentes que logren impactar positivamente en su sistema de creencias y valores.<\/p>\n\n\n\n<p style=\"text-align: justify\">Por lo cual esta Secretar\u00eda ha estado llevando a cabo diversas, pl\u00e1ticas y capacitaciones en materia de \u00c9tica, Integridad y Prevenci\u00f3n de Conflictos de Inter\u00e9s, C\u00f3digo de \u00c9tica del Poder Ejecutivo y Modelo de Gesti\u00f3n \u00c9tica Fincada en Valores.<\/p>\n\n\n\n<div class=\"wp-block-columns is-layout-flex wp-container-core-columns-is-layout-9d6595d7 wp-block-columns-is-layout-flex\">\n<div class=\"wp-block-column is-layout-flow wp-block-column-is-layout-flow\" style=\"flex-basis:15%\"><\/div>\n\n\n\n<div class=\"wp-block-column is-layout-flow wp-block-column-is-layout-flow\" style=\"flex-basis:71.15%\"><p>[slideshow_deploy id=&#8217;158&#8242;]<\/p>\n<\/div>\n\n\n\n<div class=\"wp-block-column is-layout-flow wp-block-column-is-layout-flow\" style=\"flex-basis:13.85%\"><\/div>\n<\/div>\n","protected":false},"excerpt":{"rendered":"<p>Capacitaciones Lograr cambios de actitud en las personas servidoras p\u00fablicas para que efectivamente apliquen en la cotidianidad laboral el C\u00f3digo de \u00c9tica del Poder Ejecutivo del Estado y C\u00f3digos de Conducta de cada dependencia y entidad, exige el dise\u00f1o y ejecuci\u00f3n de estrategias de difusi\u00f3n y de capacitaci\u00f3n permanentes que logren impactar positivamente en su [&hellip;]<\/p>\n","protected":false},"author":22,"featured_media":0,"parent":0,"menu_order":0,"comment_status":"closed","ping_status":"closed","template":"","meta":{"footnotes":""},"class_list":["post-67","page","type-page","status-publish","hentry"],"_links":{"self":[{"href":"https:\/\/etica.sh.guanajuato.gob.mx\/index.php\/wp-json\/wp\/v2\/pages\/67","targetHints":{"allow":["GET"]}}],"collection":[{"href":"https:\/\/etica.sh.guanajuato.gob.mx\/index.php\/wp-json\/wp\/v2\/pages"}],"about":[{"href":"https:\/\/etica.sh.guanajuato.gob.mx\/index.php\/wp-json\/wp\/v2\/types\/page"}],"author":[{"embeddable":true,"href":"https:\/\/etica.sh.guanajuato.gob.mx\/index.php\/wp-json\/wp\/v2\/users\/22"}],"replies":[{"embeddable":true,"href":"https:\/\/etica.sh.guanajuato.gob.mx\/index.php\/wp-json\/wp\/v2\/comments?post=67"}],"version-history":[{"count":9,"href":"https:\/\/etica.sh.guanajuato.gob.mx\/index.php\/wp-json\/wp\/v2\/pages\/67\/revisions"}],"predecessor-version":[{"id":170,"href":"https:\/\/etica.sh.guanajuato.gob.mx\/index.php\/wp-json\/wp\/v2\/pages\/67\/revisions\/170"}],"wp:attachment":[{"href":"https:\/\/etica.sh.guanajuato.gob.mx\/index.php\/wp-json\/wp\/v2\/media?parent=67"}],"curies":[{"name":"wp","href":"https:\/\/api.w.org\/{rel}","templated":true}]}}