{"id":78,"date":"2020-03-23T18:19:56","date_gmt":"2020-03-23T18:19:56","guid":{"rendered":"http:\/\/172.31.108.98\/etica\/?page_id=78"},"modified":"2020-03-23T18:19:56","modified_gmt":"2020-03-23T18:19:56","slug":"ciee","status":"publish","type":"page","link":"https:\/\/etica.sh.guanajuato.gob.mx\/index.php\/ciee\/","title":{"rendered":"CIEE"},"content":{"rendered":"\n<h1 class=\"wp-block-heading\">Comit\u00e9 Interinstitucional Estatal de \u00c9tica<\/h1>\n\n\n\n<h2 class=\"wp-block-heading\">CIEE<\/h2>\n\n\n\n<p class=\"text-justify\">Para lograr impulsar las acciones que emanan de las pol\u00edticas p\u00fablicas en materia de \u00e9tica, integridad y prevenci\u00f3n de conflictos de intereses, del Modelo de Gesti\u00f3n \u00c9tica Fincada en Valores y del propio COEEG, es importante contar con un liderazgo articulador y de cambio, liderazgo que asume la STRC a trav\u00e9s de:<\/p>\n\n\n\n<p class=\"text-justify\"><strong>Unidad de \u00c9tica, Integridad y Prevenci\u00f3n de Conflictos de Intereses (UEIPCI)<\/strong>, como encargada de dise\u00f1ar y promover programas permanentes de difusi\u00f3n y capacitaci\u00f3n sobre la Gesti\u00f3n \u00c9tica y Valores Institucionales.<br><strong>Comit\u00e9 Interinstitucional Estatal de \u00c9tica (CIEE)<\/strong>, para promover y asesorar en materia de \u00c9tica, Integridad y Conflictos de Intereses, a todas las dependencias y entidades de la administraci\u00f3n p\u00fablica estatal.<\/p>\n","protected":false},"excerpt":{"rendered":"<p>Comit\u00e9 Interinstitucional Estatal de \u00c9tica CIEE Para lograr impulsar las acciones que emanan de las pol\u00edticas p\u00fablicas en materia de \u00e9tica, integridad y prevenci\u00f3n de conflictos de intereses, del Modelo de Gesti\u00f3n \u00c9tica Fincada en Valores y del propio COEEG, es importante contar con un liderazgo articulador y de cambio, liderazgo que asume la STRC [&hellip;]<\/p>\n","protected":false},"author":22,"featured_media":0,"parent":0,"menu_order":0,"comment_status":"closed","ping_status":"closed","template":"","meta":{"footnotes":""},"class_list":["post-78","page","type-page","status-publish","hentry"],"_links":{"self":[{"href":"https:\/\/etica.sh.guanajuato.gob.mx\/index.php\/wp-json\/wp\/v2\/pages\/78","targetHints":{"allow":["GET"]}}],"collection":[{"href":"https:\/\/etica.sh.guanajuato.gob.mx\/index.php\/wp-json\/wp\/v2\/pages"}],"about":[{"href":"https:\/\/etica.sh.guanajuato.gob.mx\/index.php\/wp-json\/wp\/v2\/types\/page"}],"author":[{"embeddable":true,"href":"https:\/\/etica.sh.guanajuato.gob.mx\/index.php\/wp-json\/wp\/v2\/users\/22"}],"replies":[{"embeddable":true,"href":"https:\/\/etica.sh.guanajuato.gob.mx\/index.php\/wp-json\/wp\/v2\/comments?post=78"}],"version-history":[{"count":1,"href":"https:\/\/etica.sh.guanajuato.gob.mx\/index.php\/wp-json\/wp\/v2\/pages\/78\/revisions"}],"predecessor-version":[{"id":79,"href":"https:\/\/etica.sh.guanajuato.gob.mx\/index.php\/wp-json\/wp\/v2\/pages\/78\/revisions\/79"}],"wp:attachment":[{"href":"https:\/\/etica.sh.guanajuato.gob.mx\/index.php\/wp-json\/wp\/v2\/media?parent=78"}],"curies":[{"name":"wp","href":"https:\/\/api.w.org\/{rel}","templated":true}]}}