{"id":93,"date":"2020-06-17T15:02:03","date_gmt":"2020-06-17T15:02:03","guid":{"rendered":"http:\/\/172.31.108.98\/etica\/?page_id=93"},"modified":"2020-06-17T15:02:39","modified_gmt":"2020-06-17T15:02:39","slug":"agentes-de-cambio-2","status":"publish","type":"page","link":"https:\/\/etica.sh.guanajuato.gob.mx\/index.php\/agentes-de-cambio-2\/","title":{"rendered":"Agentes de cambio"},"content":{"rendered":"\n<p>MODELO DE GESTI\u00d3N \u00c9TICA FINCADA EN VALORES AGENTES DE CAMBIO<\/p>\n\n\n\n<p style=\"text-justify\">Uno de los componentes clave de este modelo, son los agentes de cambio, que son los responsables de la implantaci\u00f3n de la Gesti\u00f3n \u00c9tica en el Gobierno del Estado de Guanajuato, ocup\u00e1ndose del dise\u00f1o e implementaci\u00f3n de estrategias para inculcar y promover valores al interior de la entidad, con perspectiva de Gesti\u00f3n \u00c9tica e Integridad, a trav\u00e9s de acciones y procesos transversales de transformaci\u00f3n de la cultura organizacional, combinando elementos normativos, comunicativos, formativos, organizativos y actitudinales.<br> Los Agentes de Cambio son los responsables de la implantaci\u00f3n de la Gesti\u00f3n \u00c9tica en el Gobierno del Estado de Guanajuato, ocup\u00e1ndose del dise\u00f1o e implementaci\u00f3n de estrategias para inculcar y promover valores al interior de la entidad, con perspectiva de Gesti\u00f3n \u00c9tica e Integridad, a trav\u00e9s de acciones y procesos transversales de transformaci\u00f3n de la cultura organizacional, combinando elementos normativos, comunicativos, formativos, organizativos y actitudinales.<\/p>\n\n\n\n<div class=\"wp-block-image\"><figure class=\"aligncenter size-large\"><img loading=\"lazy\" decoding=\"async\" width=\"768\" height=\"447\" src=\"http:\/\/etica.sh.guanajuato.gob.mx\/wp-content\/uploads\/2020\/03\/Agentes-de-cambio-768x447-1.png\" alt=\"\" class=\"wp-image-63\" srcset=\"https:\/\/etica.sh.guanajuato.gob.mx\/wp-content\/uploads\/2020\/03\/Agentes-de-cambio-768x447-1.png 768w, https:\/\/etica.sh.guanajuato.gob.mx\/wp-content\/uploads\/2020\/03\/Agentes-de-cambio-768x447-1-300x175.png 300w\" sizes=\"auto, (max-width: 768px) 100vw, 768px\" \/><\/figure><\/div>\n","protected":false},"excerpt":{"rendered":"<p>MODELO DE GESTI\u00d3N \u00c9TICA FINCADA EN VALORES AGENTES DE CAMBIO Uno de los componentes clave de este modelo, son los agentes de cambio, que son los responsables de la implantaci\u00f3n de la Gesti\u00f3n \u00c9tica en el Gobierno del Estado de Guanajuato, ocup\u00e1ndose del dise\u00f1o e implementaci\u00f3n de estrategias para inculcar y promover valores al interior [&hellip;]<\/p>\n","protected":false},"author":22,"featured_media":0,"parent":0,"menu_order":0,"comment_status":"closed","ping_status":"closed","template":"","meta":{"footnotes":""},"class_list":["post-93","page","type-page","status-publish","hentry"],"_links":{"self":[{"href":"https:\/\/etica.sh.guanajuato.gob.mx\/index.php\/wp-json\/wp\/v2\/pages\/93","targetHints":{"allow":["GET"]}}],"collection":[{"href":"https:\/\/etica.sh.guanajuato.gob.mx\/index.php\/wp-json\/wp\/v2\/pages"}],"about":[{"href":"https:\/\/etica.sh.guanajuato.gob.mx\/index.php\/wp-json\/wp\/v2\/types\/page"}],"author":[{"embeddable":true,"href":"https:\/\/etica.sh.guanajuato.gob.mx\/index.php\/wp-json\/wp\/v2\/users\/22"}],"replies":[{"embeddable":true,"href":"https:\/\/etica.sh.guanajuato.gob.mx\/index.php\/wp-json\/wp\/v2\/comments?post=93"}],"version-history":[{"count":3,"href":"https:\/\/etica.sh.guanajuato.gob.mx\/index.php\/wp-json\/wp\/v2\/pages\/93\/revisions"}],"predecessor-version":[{"id":117,"href":"https:\/\/etica.sh.guanajuato.gob.mx\/index.php\/wp-json\/wp\/v2\/pages\/93\/revisions\/117"}],"wp:attachment":[{"href":"https:\/\/etica.sh.guanajuato.gob.mx\/index.php\/wp-json\/wp\/v2\/media?parent=93"}],"curies":[{"name":"wp","href":"https:\/\/api.w.org\/{rel}","templated":true}]}}